{"id":1690,"date":"2022-10-21T21:25:54","date_gmt":"2022-10-21T19:25:54","guid":{"rendered":"https:\/\/nueva.ezker-anitza.org\/nor-gara\/tokiko-asanbladak"},"modified":"2023-10-03T12:01:02","modified_gmt":"2023-10-03T10:01:02","slug":"tokiko-asanbladak","status":"publish","type":"page","link":"https:\/\/ezker-anitza.org\/eu\/nor-gara\/tokiko-asanbladak","title":{"rendered":"Tokiko Asanbladak"},"content":{"rendered":"<h3>ARABA<\/h3>\n<h4><strong>Vitoria-Gasteizko asanbladak<\/strong><\/h4>\n<p><i class=\"fas fa-user\">Koordinatzailea: Jos\u00e9 Dami\u00e1n Garc\u00eda Moreno<\/i><br \/><i class=\"fas fa-house-user\">Helbidea: Zapater\u00eda Kalea, 88 (Vitoria-Gasteiz)<\/i><br \/><i class=\"fas fa-phone\">Kontaktua: araba@ezker-anitza.org \/ 945232128<\/i><\/p>\n<h4><strong>Aiaraldeako asanbladak<\/strong><\/h4>\n<p><i class=\"fas fa-user\">Koordinatzailea: Miguel Burdallo<\/i><br \/><i class=\"fas fa-phone\">Kontaktua: araba@ezker-anitza.org<\/i><\/p>\n<h3>BIZKAIA<\/h3>\n<h4><strong>Amorebieta-Durangoako asanbladak<\/strong><\/h4>\n<p><i class=\"fas fa-user\">Koordinatzailea: Alba Guti\u00e9rrez<\/i><br \/><i class=\"fas fa-phone\">Kontaktua: bizkaia@ezker-anitza.org<\/i><\/p>\n<h4><strong>Barakaldoako asanbladak<\/strong><\/h4>\n<p><i class=\"fas fa-user\">Koordinatzailea: Casimiro Casta\u00f1o<\/i><br \/><i class=\"fas fa-house-user\">Helbidea: Bizkaia Kalea, frente al n\u00famero 32<\/i><br \/><i class=\"fas fa-phone\">Kontaktua: bizkaia@ezker-anitza.org<\/i><\/p>\n<h4><strong>Basauriko asanbladak<\/strong><\/h4>\n<p><i class=\"fas fa-user\">Koordinatzailea: Josemi Gonz\u00e1lez<\/i><br \/><i class=\"fas fa-house-user\">Helbidea: Nafarroa Kalea, 14 (Basauri)<\/i><br \/><i class=\"fas fa-phone\">Kontaktua: basauri@ezker-anitza.org<\/i><\/p>\n<h4><strong>Bilboko asanbladak<\/strong><\/h4>\n<p><i class=\"fas fa-user\">Koordinatzailea: Xabier Jim\u00e9nez<\/i><br \/><i class=\"fas fa-house-user\">Helbidea: Garc\u00eda Salazar Kalea, 4 (Bilbao)<\/i><br \/><i class=\"fas fa-phone\">Kontaktua: bilbao@ezker-anitza.org<\/i><\/p>\n<h4><strong>Erandioko asanbladak<\/strong><\/h4>\n<p><i class=\"fas fa-user\">Koordinatzailea: Bernardo Ignacio Fern\u00e1ndez-Espartero<\/i><br \/><i class=\"fas fa-phone\">Kontaktua: bizkaia@ezker-anitza.org<\/i><\/p>\n<h4><strong>Ermuako asanbladak<\/strong><\/h4>\n<p><i class=\"fas fa-user\">Koordinatzailea: Julen Dom\u00ednguez<\/i><br \/><i class=\"fas fa-house-user\">Helbidea: Errebalburu Kalea, 1 (Ermua)<\/i><br \/><i class=\"fas fa-phone\">Kontaktua: bizkaia@ezker-anitza.org<\/i><\/p>\n<h4><strong>Galdakaoko asanbladak<\/strong><\/h4>\n<p><i class=\"fas fa-user\">Koordinatzailea: Luisma Txabes<\/i><br \/><i class=\"fas fa-house-user\">Helbidea: Gipuzkoa kalea, 8 (Galdakao)<\/i><br \/><i class=\"fas fa-phone\">Kontaktua: bizkaia@ezker-anitza.org<\/i><\/p>\n<h4><strong>Getxoko asanbladak<\/strong><\/h4>\n<p><i class=\"fas fa-user\">Koordinatzailea: Aitziber Pulido Fern\u00e1ndez de Espartero<\/i><br \/><i class=\"fas fa-phone\">Kontaktua: bizkaia@ezker-anitza.org<\/i><\/p>\n<h4><strong>Ortuella-Meatzaldeko asanbladak<\/strong><\/h4>\n<p><i class=\"fas fa-user\">Koordinatzailea: Alberto Picado <\/i><br \/><i class=\"fas fa-house-user\">Helbidea: Mendialde, 20-lonja<\/i><br \/><i class=\"fas fa-phone\">Kontaktua: bizkaia@ezker-anitza.org<\/i><\/p>\n<h4><strong>Portugaleteko asanbladak<\/strong><\/h4>\n<p><i class=\"fas fa-user\">Koordinatzailea: Carlos Asensio<\/i><br \/><i class=\"fas fa-phone\">Kontaktua: bizkaia@ezker-anitza.org<\/i><\/p>\n<h4><strong>Santurtziko asanbladak<\/strong><\/h4>\n<p><i class=\"fas fa-user\">Koordinatzailea: Jos\u00e9 Luis Ontoria<\/i><br \/><i class=\"fas fa-house-user\">Helbidea: Leonor Amezaga, 5-7 lonja<\/i><br \/><i class=\"fas fa-phone\">Kontaktua: bizkaia@ezker-anitza.org<\/i><\/p>\n<h4><strong>Sestaoko asanbladak<\/strong><\/h4>\n<p><i class=\"fas fa-user\">Koordinatzailea: Be\u00f1at Alonso<\/i><br \/><i class=\"fas fa-house-user\">Helbidea: San Pedroko Plaza, 9 \u2013 lonja (Sestao)<\/i><br \/><i class=\"fas fa-phone\">Kontaktua: bizkaia@ezker-anitza.org<\/i><\/p>\n<h4><strong>Sopelako asanbladak<\/strong><\/h4>\n<p><i class=\"fas fa-user\">Koordinatzailea: Eder Garc\u00eda<\/i><br \/><i class=\"fas fa-phone\">Kontaktua: bizkaia@ezker-anitza.org<\/i><\/p>\n<h3>GIPUZKOA<\/h3>\n<h4><strong>Debagoiena-Urola Garaia (Gipuzkoa hegoaldea) asanbladak<\/strong><\/h4>\n<p><i class=\"fas fa-user\">Koordinatzailea: Juan Luis Merino<\/i><br \/><i class=\"fas fa-house-user\">Helbidea: Aldai Kalea, 9- bajo (Arrasate\/Mondrag\u00f3n)<\/i><br \/><i class=\"fas fa-phone\">Kontaktua: gipuzkoa@ezker-anitza.org<\/i><\/p>\n<h4><strong>Donostiako asanbladak<\/strong><\/h4>\n<p><i class=\"fas fa-user\">Koordinatzailea: Hugo Mart\u00edn Santos <\/i><br \/><i class=\"fas fa-house-user\">Helbidea: Segundo Izpizua Kalea, 37- bajo (Donostia)<\/i><br \/><i class=\"fas fa-phone\">Kontaktua: gipuzkoa@ezker-anitza.org<\/i><\/p>\n<h4><strong>Errenteriako asanbladak<\/strong><\/h4>\n<p><i class=\"fas fa-user\">Koordinatzailea: Xabi S\u00e1nchez<\/i><br \/><i class=\"fas fa-phone\">Kontaktua: gipuzkoa@ezker-anitza.org <\/i><\/p>\n<h4><strong>Irungo asanbladak<\/strong><\/h4>\n<p><i class=\"fas fa-user\">Koordinatzailea: Santi Jim\u00e9nez<\/i><br \/><i class=\"fas fa-house-user\">Helbidea: Vega de Eguskiza Kalea, 16<\/i><br \/><i class=\"fas fa-phone\">Kontaktua: gipuzkoa@ezker-anitza.org<\/i><\/p>\n<h4><strong>Zarauzko asanbladak<\/strong><\/h4>\n<p><i class=\"fas fa-user\">Koordinatzailea: Ubaldo Ort\u00edz<\/i><br \/><i class=\"fas fa-phone\">Kontaktua: gipuzkoa@ezker-anitza.org<\/i><\/p>\n<h4><strong>Pasaiako asanbladak<\/strong><\/h4>\n<p><i class=\"fas fa-user\">Koordinatzailea: Xabier Pombo<\/i><br \/><i class=\"fas fa-phone\">Kontaktua: gipuzkoa@ezker-anitza.org<\/i><\/p>\n\n<figure class=\"wp-block-image size-large\"><img loading=\"lazy\" decoding=\"async\" width=\"1024\" height=\"705\" src=\"https:\/\/ezker-anitza.org\/wp-content\/uploads\/2022\/10\/Sede-de-Bilbao--1024x705.png\" alt=\"\" class=\"wp-image-55\" srcset=\"https:\/\/ezker-anitza.org\/wp-content\/uploads\/2022\/10\/Sede-de-Bilbao--1024x705.png 1024w, https:\/\/ezker-anitza.org\/wp-content\/uploads\/2022\/10\/Sede-de-Bilbao--300x206.png 300w, https:\/\/ezker-anitza.org\/wp-content\/uploads\/2022\/10\/Sede-de-Bilbao--768x529.png 768w, https:\/\/ezker-anitza.org\/wp-content\/uploads\/2022\/10\/Sede-de-Bilbao-.png 1232w\" sizes=\"auto, (max-width: 1024px) 100vw, 1024px\" \/><\/figure>\n","protected":false},"excerpt":{"rendered":"<p>ARABA Vitoria-Gasteizko asanbladak Koordinatzailea: Jos\u00e9 Dami\u00e1n Garc\u00eda MorenoHelbidea: Zapater\u00eda Kalea, 88 (Vitoria-Gasteiz)Kontaktua: araba@ezker-anitza.org \/ 945232128 Aiaraldeako asanbladak Koordinatzailea: Miguel BurdalloKontaktua: araba@ezker-anitza.org BIZKAIA Amorebieta-Durangoako asanbladak Koordinatzailea: Alba Guti\u00e9rrezKontaktua: bizkaia@ezker-anitza.org Barakaldoako asanbladak &hellip;<\/p>\n","protected":false},"author":1,"featured_media":0,"parent":1631,"menu_order":0,"comment_status":"closed","ping_status":"closed","template":"","meta":{"footnotes":""},"class_list":["post-1690","page","type-page","status-publish","hentry"],"_links":{"self":[{"href":"https:\/\/ezker-anitza.org\/eu\/wp-json\/wp\/v2\/pages\/1690","targetHints":{"allow":["GET"]}}],"collection":[{"href":"https:\/\/ezker-anitza.org\/eu\/wp-json\/wp\/v2\/pages"}],"about":[{"href":"https:\/\/ezker-anitza.org\/eu\/wp-json\/wp\/v2\/types\/page"}],"author":[{"embeddable":true,"href":"https:\/\/ezker-anitza.org\/eu\/wp-json\/wp\/v2\/users\/1"}],"replies":[{"embeddable":true,"href":"https:\/\/ezker-anitza.org\/eu\/wp-json\/wp\/v2\/comments?post=1690"}],"version-history":[{"count":3,"href":"https:\/\/ezker-anitza.org\/eu\/wp-json\/wp\/v2\/pages\/1690\/revisions"}],"predecessor-version":[{"id":1702,"href":"https:\/\/ezker-anitza.org\/eu\/wp-json\/wp\/v2\/pages\/1690\/revisions\/1702"}],"up":[{"embeddable":true,"href":"https:\/\/ezker-anitza.org\/eu\/wp-json\/wp\/v2\/pages\/1631"}],"wp:attachment":[{"href":"https:\/\/ezker-anitza.org\/eu\/wp-json\/wp\/v2\/media?parent=1690"}],"curies":[{"name":"wp","href":"https:\/\/api.w.org\/{rel}","templated":true}]}}