{"id":1639,"date":"2022-10-21T21:26:13","date_gmt":"2022-10-21T19:26:13","guid":{"rendered":"https:\/\/nueva.ezker-anitza.org\/nor-gara\/ordezkari-publikoak"},"modified":"2025-03-11T17:07:46","modified_gmt":"2025-03-11T16:07:46","slug":"ordezkari-publikoak","status":"publish","type":"page","link":"https:\/\/ezker-anitza.org\/eu\/nor-gara\/ordezkari-publikoak","title":{"rendered":"Ordezkari publikoak"},"content":{"rendered":"<h2>EUSKO LEGEBILTZARRA<\/h2>\n<h4><strong>Mistoa Sumar TP<\/strong><\/h4>\n<p><i class=\"fas fa-user\">Jon Hern\u00e1ndez Hidalgo (Ezker Anitza-IU)<\/i><br \/>\n<i class=\"fas fa-phone\">Kontactua: hernandez.j@legebiltzarra.eus<\/i><\/p>\n<h2>BATZAR NAGUSIAK<\/h2>\n<h3>ARABA<\/h3>\n<h4><strong>Elkarrekin Araba (Ezker Anitza-IU, Podemos Ahal Dugu, Berdeak Equo y Alianza Verde)<\/strong><\/h4>\n<p><i class=\"fas fa-user\">Jos\u00e9 Dami\u00e1n Garc\u00eda- Moreno L\u00f3pez (Ezker Anitza-IU)<\/i><br \/>\n<i class=\"fas fa-user\">David Rodr\u00edguez Linares <\/i><br \/>\n<i class=\"fas fa-user\">Mar\u00eda Bego\u00f1a Seco D\u00edaz<\/i><br \/>\n<i class=\"fas fa-phone\">Kontactua: elkarrekinaraba@jjggalava.eus<\/i><\/p>\n<h3>BIZKAIA<\/h3>\n<h4><strong>Elkarrekin Bizkaia (Ezker Anitza-IU, Podemos Ahal Dugu, <\/strong><strong>Berdeak Equo y Alianza Verde<\/strong><strong>)<\/strong><\/h4>\n<p><i class=\"fas fa-user\">Eneritz de Madariaga Mart\u00edn<\/i><br \/>\n<i class=\"fas fa-user\">Ricardo Vaquero Moreno<\/i><br \/>\n<i class=\"fas fa-phone\">Kontactua: elkarrekin@bizkaia.eus<\/i><\/p>\n<h3>GIPUZKOA<\/h3>\n<h4><strong>Elkarrekin Gipuzkoa <\/strong><strong>(Ezker Anitza-IU, Podemos Ahal Dugu, <\/strong><strong>Berdeak Equo y Alianza Verde)<\/strong><\/h4>\n<p><i class=\"fas fa-user\">Miren Echeveste Lacombre<\/i><br \/>\n<i class=\"fas fa-user\">Mariv\u00ed Eizaguirre Ballesteros <\/i><br \/>\n<i class=\"fas fa-phone\">Kontactua: elkarrekingipuzkoa@gmail.com<\/i><\/p>\n<h2>UDALETXEAK<\/h2>\n<h4><strong>&#8211; AMOREBIETA-ETXANO<\/strong><\/h4>\n<h4><strong>Elkarrekin Amorebieta <\/strong><strong>(Ezker Anitza-IU, Podemos Ahal Dugu, <\/strong><strong>Berdeak Equo y Alianza Verde)<\/strong><\/h4>\n<p><i class=\"fas fa-user\">Alba Guti\u00e9rrez G\u00f3mez (Ezker Anitza-IU)<\/i><\/p>\n<h4><strong>ANDOAIN<\/strong><\/h4>\n<h4><strong>Elkarrekin Andoain <\/strong><strong>(Ezker Anitza-IU, Podemos Ahal Dugu <\/strong><strong>y Alianza Verde)<\/strong><\/h4>\n<p><i class=\"fas fa-user\">Jos\u00e9 Mari Iparraguirre <\/i><\/p>\n<h4><strong>ARRASATE<\/strong><\/h4>\n<h4><strong>Elkarrekin Arrasate <\/strong><strong>(Ezker Anitza-IU, Podemos Ahal Dugu <\/strong><strong>y Alianza Verde)<\/strong><\/h4>\n<p><i class=\"fas fa-user\">Eva Abuin Bideburu<\/i><\/p>\n<h4><strong>ARRIGORRIAGA<\/strong><\/h4>\n<h4><strong>Arrigorriaga Gara Elkarrekin <\/strong><strong>(Ezker Anitza-IU, Podemos Ahal Dugu, <\/strong><strong>Berdeak Equo y Alianza Verde)<\/strong><\/h4>\n<p><i class=\"fas fa-user\">Iratxe Rubio<\/i><\/p>\n<h4><strong>AZKOITIA<\/strong><\/h4>\n<h4><strong>Azkoitia Bai-Elkarrekin <\/strong><strong>(Ezker Anitza-IU, Podemos Ahal Dugu y <\/strong><strong>Berdeak Equo)<\/strong><\/h4>\n<p><i class=\"fas fa-user\">Jose Joakin Etxaniz Pe\u00f1a<\/i><br \/>\n<i class=\"fas fa-user\">Nerea Machado Iparragirre<\/i><br \/>\n<i class=\"fas fa-user\">Janire Astigarraga Larra\u00f1aga<\/i><\/p>\n<h4><strong>BARAKALDO<\/strong><\/h4>\n<h4><strong>Elkarrekin Barakaldo (Ezker Anitza-IU, Equo-Berdeak, Podemos Ahal Dugu y Alianza Verde)<\/strong><\/h4>\n<p><i class=\"fas fa-user\">Casimiro Casta\u00f1o Gonz\u00e1lez (Ezker Anitza-IU)<\/i><br \/>\n<i class=\"fas fa-user\">Itziar Celis Gonz\u00e1lez <\/i><br \/>\n<i class=\"fas fa-phone\">Kontactua: elkarrekin@barakaldo.eus <\/i><\/p>\n<h4><strong>BASAURI<\/strong><\/h4>\n<h4><strong>Elkarrekin Basauri (Ezker Anitza-IU, Podemos Ahal Dugu, Berdeak Equo y Alianza Verde)<\/strong><\/h4>\n<p><i class=\"fas fa-user\">Roberto Gald\u00f3s Carbajales<\/i><br \/>\n<i class=\"fas fa-user\">Mar\u00eda \u00c1ngeles Cantero Barqu\u00edn<\/i><\/p>\n<h4><strong>BEASAIN<\/strong><\/h4>\n<h4><strong>Elkarrekin Beasain (Ezker Anitza-IU, Podemos Ahal Dugu y Alianza Verde)<\/strong><\/h4>\n<p><i class=\"fas fa-user\">Wesley Aritz Corsitto Agirre J.<\/i><\/p>\n<h4><strong>BERANGO<\/strong><\/h4>\n<h4><strong>Elkarrekin Berango (Ezker Anitza-IU, Podemos Ahal Dugu, <\/strong><strong>Berdeak Equo y Alianza Verde<\/strong><strong>)<\/strong><\/h4>\n<p><i class=\"fas fa-user\">Emilio Lobato Pascual<\/i><\/p>\n<h4><strong>BERRIZ<\/strong><\/h4>\n<h4><strong>Elkarrekin Berriz (Ezker Anitza-IU, Podemos Ahal Dugu, <\/strong><strong>Berdeak Equo y Alianza Verde<\/strong><strong>)<\/strong><\/h4>\n<p><i class=\"fas fa-user\">David Jimeno Collantes<\/i><\/p>\n<h4><strong>BILBO<\/strong><\/h4>\n<h4><strong>Elkarrekin Bilbao <\/strong><strong>(Ezker Anitza-IU, Podemos Ahal Dugu, <\/strong><strong>Berdeak Equo y Alianza Verde<\/strong><strong>)<\/strong><\/h4>\n<p><i class=\"fas fa-user\">Xabier Jim\u00e9nez L\u00f3pez (Ezker Anitza-IU)<\/i><br \/>\n<i class=\"fas fa-user\">Ana Vi\u00f1als Blanco <\/i><br \/>\n<i class=\"fas fa-phone\">Kontactua: xjimenez@bilbao.eus<\/i><\/p>\n<h4><strong>DONOSTIA<\/strong><\/h4>\n<h4><strong>Elkarrekin Donostia (Ezker Anitza-IU, Podemos Ahal Dugu<\/strong><strong>, <\/strong><strong>Berdeak Equo y Alianza Verde<\/strong><strong>)<\/strong><\/h4>\n<p><i class=\"fas fa-user\">Arantza Gonz\u00e1lez Garc\u00eda (Ezker Anitza-IU)<\/i><br \/>\n<i class=\"fas fa-user\">Victor Lasa Briz<\/i><br \/>\n<i class=\"fas fa-phone\">Kontactua: arantza_gonzalez@donostia.eus<\/i><\/p>\n<h4><strong>EIBAR<\/strong><\/h4>\n<h4><strong>Elkarrekin Eibar (Ezker Anitza-IU, Podemos Ahal Dugu y Alianza Verde)<\/strong><\/h4>\n<p><i class=\"fas fa-user\">Mar\u00eda Isabel Fern\u00e1ndez Pejenaute<\/i><\/p>\n<h4><strong>ELORRIO<\/strong><\/h4>\n<h4><strong>Elkarrekin Elorrio (Ezker Anitza-IU, Podemos Ahal Dugu y Alianza Verde)<\/strong><\/h4>\n<p><i class=\"fas fa-user\">Joseba Andoni Fern\u00e1ndez Ortiz<\/i><br \/>\n<i class=\"fas fa-phone\">Kontactua: jafernandez@elorrio.eus<\/i><\/p>\n<h4><strong>ERANDIO<\/strong><\/h4>\n<h4><strong>Elkarrekin Erandio (Ezker Anitza-IU, Podemos Ahal Dugu y Alianza Verde)<\/strong><\/h4>\n<p><i class=\"fas fa-user\">Pablo Larrauri Mu\u00f1oz<\/i><br \/>\n<i class=\"fas fa-user\">Julia Carvallo Garc\u00eda<\/i><br \/>\n<i class=\"fas fa-phone\">Kontactua: elkarrekinerandio@erandio.eus<\/i><\/p>\n<h4><strong>ERMUA<\/strong><\/h4>\n<h4><strong>Elkarrekin Ermua (Ezker Anitza-IU, Podemos Ahal Dugu Y Alianza Verde)<\/strong><\/h4>\n<p><i class=\"fas fa-user\">Julen Dom\u00ednguez S\u00e1nchez (Ezker Anitza-IU) <\/i><br \/>\n<i class=\"fas fa-user\">Alberto Garc\u00eda-Abad S\u00e1nchez<\/i><br \/>\n<i class=\"fas fa-phone\">Kontactua: jdominguez@udalermua.net<\/i><\/p>\n<h4><strong>ERRENTERIA<\/strong><\/h4>\n<h4><strong>Elkarrekin Errenteria <\/strong><strong>(Ezker Anitza-IU, Podemos Ahal Dugu Y Alianza Verde)<\/strong><\/h4>\n<p><i class=\"fas fa-user\">Maite Gartzia Ontiveros<\/i><br \/>\n<i class=\"fas fa-user\">Yolanda Mart\u00edn Marcos<\/i><\/p>\n<h4><strong>GAZTEIZ<\/strong><\/h4>\n<h4><strong>Elkarrekin Victoria-Gazteiz <\/strong><strong>(Ezker Anitza-IU, Podemos Ahal Dugu<\/strong><strong>, <\/strong><strong>Berdeak Equo y Alianza Verde<\/strong><strong>)<\/strong><\/h4>\n<p><i class=\"fas fa-user\">Garbi\u00f1e Ruiz Noriega<\/i><br \/>\n<i class=\"fas fa-user\">Oskar Fern\u00e1ndez Mart\u00edn<\/i><br \/>\n<i class=\"fas fa-phone\">Kontactua: gpolitico.elkarrekin@vitoria-gazteiz.org<\/i><\/p>\n<h4><strong>GETXO<\/strong><\/h4>\n<h4><strong>Elkarrekin Getxo (Ezker Anitza-IU, Podemos Ahal Dugu y Alianza Verde)<\/strong><\/h4>\n<p><i class=\"fas fa-user\">Xabier Benito Ziluaga<\/i><br \/>\n<i class=\"fas fa-phone\">Kontactua: elkarrekinpodemos@getxo.eus<\/i><\/p>\n<h4><strong>G\u00dcE\u00d1ES<\/strong><\/h4>\n<h4><strong>Elkarrekin G\u00fce\u00f1es <\/strong><strong>(Ezker Anitza-IU, Podemos Ahal Dugu Y Alianza Verde)<\/strong><\/h4>\n<p><i class=\"fas fa-user\">In\u00e9s Unzaga Aguirre<\/i><\/p>\n<h4><strong>HERNANI<\/strong><\/h4>\n<h4><strong>Elkarrekin Hernani <\/strong><strong>(Ezker Anitza-IU, Podemos Ahal Dugu<\/strong><strong> y Alianza Verde<\/strong><strong>)<\/strong><\/h4>\n<p><i class=\"fas fa-user\">Jaione Aristegi Cao<\/i><br \/>\n<i class=\"fas fa-user\">Lurdes L\u00f3pez Gorrotxategi<\/i><\/p>\n<h4><strong>IRUN<\/strong><\/h4>\n<h4><strong>Elkarrekin Irun <\/strong><strong>(Ezker Anitza-IU, Podemos Ahal Dugu<\/strong><strong> y Alianza Verde<\/strong><strong>)<\/strong><\/h4>\n<p><i class=\"fas fa-user\">David Nu\u00f1o Garc\u00eda<\/i><br \/>\n<i class=\"fas fa-user\">Thania Pazos Gonzalo<\/i><br \/>\n<i class=\"fas fa-phone\">Kontactua: elkarrekinpodemos@irun.org<\/i><\/p>\n<h4><strong>LASARTE-ORIA<\/strong><\/h4>\n<h4><strong>Elkarrekin Lasarte-Oria (Ezker Anitza-IU, Podemos Ahal Dugu y Alianza Verde)<\/strong><\/h4>\n<p><i class=\"fas fa-user\">Miguel \u00c1ngel Tolosa Avellino<\/i><br \/>\n<i class=\"fas fa-phone\">Kontactua: m.tolosa.avellino@lasarte-oria.eus<\/i><\/p>\n<h4><strong>LEGAZPIA<\/strong><\/h4>\n<h4><strong>Legazpiko Berdeak + Independientes<\/strong><\/h4>\n<p><i class=\"fas fa-user\">Alberto Bezanartea Fern\u00e1nde<\/i><\/p>\n<h4><strong>LEIOA<\/strong><\/h4>\n<h4><strong>Elkarrekin LEIOA <\/strong><strong>(Ezker Anitza-IU, Podemos Ahal Dugu<\/strong><strong> y Ordizia Orain<\/strong><strong>)<\/strong><\/h4>\n<p><i class=\"fas fa-user\">Luis Miguel Lape\u00f1a Moreno<\/i><br \/>\n<i class=\"fas fa-user\">Adolfo G\u00f3mez Camacho<\/i><\/p>\n<h4><strong>ORDIZIA<\/strong><\/h4>\n<h4><strong>Elkarrekin-OrdizianOrain <\/strong><strong>(Ezker Anitza-IU, Podemos Ahal Dugu<\/strong><strong> y Alianza Verde<\/strong><strong>)<\/strong><\/h4>\n<p><i class=\"fas fa-user\">Mila Sukia Galparsoro<\/i><br \/>\n<i class=\"fas fa-user\">Viviana Ang\u00e9lica Murillo Cazar<\/i><\/p>\n<h4><strong>ORTUELLA<\/strong><\/h4>\n<h4><strong>Elkarrekin Borobil <\/strong><strong>(Ezker Anitza-IU, Podemos Ahal Dugu y Borobil<\/strong><strong>)<\/strong><\/h4>\n<p><i class=\"fas fa-user\">Ernesto Docampo Ajero<\/i><br \/>\n<i class=\"fas fa-user\">Aitor Gonz\u00e1lez Leanizbarrutia<\/i><br \/>\n<i class=\"fas fa-user\">Tamara Ballester Alonso<\/i><\/p>\n<h4><strong>PORTUGALETE<\/strong><\/h4>\n<h4><strong>Elkarrekin Portugalete <\/strong><strong>(Ezker Anitza-IU, Podemos Ahal Dugu<\/strong><strong> y Alianza Verde<\/strong><strong>)<\/strong><\/h4>\n<p><i class=\"fas fa-user\">Natalia Rey Barja<\/i><\/p>\n<h4><strong>SESTAO<\/strong><\/h4>\n<h4><strong>Elkarrekin Sestao <\/strong><strong>(Ezker Anitza-IU, Podemos Ahal Dugu<\/strong><strong>, <\/strong><strong>Berdeak Equo y Alianza Verde<\/strong><strong>)<\/strong><\/h4>\n<p><i class=\"fas fa-user\">Soraya Pereira Freire<\/i><br \/>\n<i class=\"fas fa-user\">Inmaculada Arias Ergueta<\/i><\/p>\n<h4><strong>SOPELA<\/strong><\/h4>\n<h4><strong>Elkarrekin Sopela <\/strong><strong>(Ezker Anitza-IU, Podemos Ahal Dugu<\/strong><strong>, <\/strong><strong>Berdeak Equo y Alianza Verde<\/strong><strong>)<\/strong><\/h4>\n<p><i class=\"fas fa-user\">Eder Garc\u00eda L\u00f3pez (Ezker Anitza-IU)<\/i><br \/>\n<i class=\"fas fa-phone\">Kontactua: eder.garcia@sopela.eus<\/i><\/p>\n<h4><strong>TRAPAGARAN<\/strong><\/h4>\n<h4><strong>Elkarrekin Trapagaran <\/strong><strong>(Ezker Anitza-IU, Podemos Ahal Dugu<\/strong><strong> y Alianza Verde<\/strong><strong>)<\/strong><\/h4>\n<p><i class=\"fas fa-user\">Alberto D\u00edez Sainz<\/i><\/p>\n<h4><strong>URDULIZ<\/strong><\/h4>\n<h4><strong>Elkarrekin Urduliz <\/strong><strong>(Ezker Anitza-IU, Podemos Ahal Dugu<\/strong><strong>, <\/strong><strong>Berdeak Equo y Alianza Verde<\/strong><strong>)<\/strong><\/h4>\n<p><i class=\"fas fa-user\">Ver\u00f3nica Garc\u00eda Garc\u00eda<\/i><br \/>\n<i class=\"fas fa-phone\">Kontactua: veronica.garcia@urduliz.eus<\/i><\/p>\n<h4><\/h4>\n","protected":false},"excerpt":{"rendered":"<p>EUSKO LEGEBILTZARRA Mistoa Sumar TP Jon Hern\u00e1ndez Hidalgo (Ezker Anitza-IU) Kontactua: hernandez.j@legebiltzarra.eus BATZAR NAGUSIAK ARABA Elkarrekin Araba (Ezker Anitza-IU, Podemos Ahal Dugu, Berdeak Equo y Alianza Verde) Jos\u00e9 Dami\u00e1n Garc\u00eda- &hellip;<\/p>\n","protected":false},"author":1,"featured_media":0,"parent":1631,"menu_order":0,"comment_status":"closed","ping_status":"closed","template":"","meta":{"footnotes":""},"class_list":["post-1639","page","type-page","status-publish","hentry"],"_links":{"self":[{"href":"https:\/\/ezker-anitza.org\/eu\/wp-json\/wp\/v2\/pages\/1639","targetHints":{"allow":["GET"]}}],"collection":[{"href":"https:\/\/ezker-anitza.org\/eu\/wp-json\/wp\/v2\/pages"}],"about":[{"href":"https:\/\/ezker-anitza.org\/eu\/wp-json\/wp\/v2\/types\/page"}],"author":[{"embeddable":true,"href":"https:\/\/ezker-anitza.org\/eu\/wp-json\/wp\/v2\/users\/1"}],"replies":[{"embeddable":true,"href":"https:\/\/ezker-anitza.org\/eu\/wp-json\/wp\/v2\/comments?post=1639"}],"version-history":[{"count":2,"href":"https:\/\/ezker-anitza.org\/eu\/wp-json\/wp\/v2\/pages\/1639\/revisions"}],"predecessor-version":[{"id":3501,"href":"https:\/\/ezker-anitza.org\/eu\/wp-json\/wp\/v2\/pages\/1639\/revisions\/3501"}],"up":[{"embeddable":true,"href":"https:\/\/ezker-anitza.org\/eu\/wp-json\/wp\/v2\/pages\/1631"}],"wp:attachment":[{"href":"https:\/\/ezker-anitza.org\/eu\/wp-json\/wp\/v2\/media?parent=1639"}],"curies":[{"name":"wp","href":"https:\/\/api.w.org\/{rel}","templated":true}]}}