{"id":1587,"date":"2022-10-21T21:32:48","date_gmt":"2022-10-21T19:32:48","guid":{"rendered":"https:\/\/nueva.ezker-anitza.org\/zuzendaritza-organoak\/euskadiko-koordinakundea"},"modified":"2026-01-13T16:58:10","modified_gmt":"2026-01-13T15:58:10","slug":"euskadiko-koordinakundea","status":"publish","type":"page","link":"https:\/\/ezker-anitza.org\/eu\/nor-gara\/zuzendaritza-organoak\/euskadiko-koordinakundea","title":{"rendered":"Euskadiko Koordinakundea"},"content":{"rendered":"\n<p><strong>Euskadiko Koordinakundea<\/strong> Ezker Anitza-IUko asanbladen arteko zuzendaritzarako organo gorena da. <strong>Erakundearen gobernu- eta erabaki-organoa<\/strong> da. Erabateko ahalmena du antolaketaren, aurrekontuaren eta erabaki politikoaren arloan, bai eta auzitegietan eta administrazio publikoetan jarduteari dagokionez ere.<\/p>\n\n\n\n<p>Hauteskunde-programak onesteko eginkizuna du, orobat, eta erakundeetako taldeen jarduera bultzatu, zuzendu eta ebaluatzeko eginkizuna.<\/p>\n\n\n\n<p><strong>Euskadiko Asanbladak<\/strong> hautatutako pertsonek osatzen dute Euskadiko Koordinakundea. Bajarik badago, haiek hautatzeko kontuan hartutako irizpideei jarraikiz ordeztuko dira.<\/p>\n\n\n\n<p>Euskadiko Koordinakundean hitz egiteko aukera izango dute, baina botoa emateko eskubiderik gabe, lurraldeko koordinatzaileek, arloko koordinatzaileek eta Batzorde Politiko Federaleko kideek, baldin eta Euskadiko Koordinakundeko kide hautatu ez badituzte.<\/p>\n\n\n\n<p>Euskadiko Koordinakundeak <strong>ohiko bilerak egingo ditu hiru hilean behin<\/strong>, eta <strong>ezohiko<\/strong> bilerak, berriz, Euskadiko Koordinatzaileak edo Euskadiko Batzorde Kolegiatuak deitzen badu, edo Euskadiko Koordinakundeko kideen heren batek eskatuz gero. Azken horri dagokionez, Euskadiko Batzorde Kolegiatuak, eskaera jaso ondoren, egiten duen lehen bileran deituko du Euskadiko Koordinakundea, gehienez 20 egun naturaleko epean.<\/p>\n\n\n\n<p>Gaur egun, Euskadiko Koordinakundeak kide hauek ditu:<\/p>\n\n\n\n<div class=\"wp-block-columns is-layout-flex wp-container-core-columns-is-layout-9d6595d7 wp-block-columns-is-layout-flex\">\n<div class=\"wp-block-column is-layout-flow wp-block-column-is-layout-flow\">\n<li><i class=\"fas fa-user\"><\/i> Arantza Gonz\u00e1lez Garc\u00eda<\/li>\n<li><i class=\"fas fa-user\"><\/i> Jon Hern\u00e1ndez Hidalgo<\/li>\n<li><i class=\"fas fa-user\"><\/i> Ana Isabel Saiz Quintano<\/li>\n<li><i class=\"fas fa-user\"><\/i> Andoni Corrales Betanzos<\/li>\n<li><i class=\"fas fa-user\"><\/i> Alba Guti\u00e9rrez G\u00f3mez<\/li>\n<li><i class=\"fas fa-user\"><\/i> Juan Luis Merino Sanabria<\/li>\n<li><i class=\"fas fa-user\"><\/i> Ana Rosa S\u00e1nchez P\u00e9rez<\/li>\n<li><i class=\"fas fa-user\"><\/i> Casimiro Casta\u00f1o Gonz\u00e1lez<\/li>\n<li><i class=\"fas fa-user\"><\/i> Ester Palacio Garc\u00eda<\/li>\n<li><i class=\"fas fa-user\"><\/i> Hugo Mart\u00edn Santos<\/li>\n<li><i class=\"fas fa-user\"><\/i> Haizea Garai Gallastegui<\/li>\n<li><i class=\"fas fa-user\"><\/i> Miguel Burdallo Bautista<\/li>\n<li><i class=\"fas fa-user\"><\/i> Edurne Visaira Vicandi<\/li>\n<li><i class=\"fas fa-user\"><\/i> Andr\u00e9s D\u00edez Timofeva<\/li>\n\n\n<div class=\"wp-block-column\">\n<li><i class=\"fas fa-user\"><\/i> Isabel Salud Arest\u00e9s<\/li>\n<li><i class=\"fas fa-user\"><\/i> Santi Jim\u00e9nez Uss\u00eda<\/li>\n<li><i class=\"fas fa-user\"><\/i> Blanca Merch\u00e1n Ropero<\/li>\n<li><i class=\"fas fa-user\"><\/i> Juanjo Vallejo Garc\u00eda<\/li>\n<li><i class=\"fas fa-user\"><\/i> Menchu Garc\u00eda del Monte<\/li>\n<li><i class=\"fas fa-user\"><\/i> Xabier Pombo Gonz\u00e1lez<\/li>\n<li><i class=\"fas fa-user\"><\/i> Raquel Cabanillas Rodr\u00edguez<\/li>\n<li><i class=\"fas fa-user\"><\/i> Jos\u00e9 \u00c1lvarez Quintana<\/li>\n<li><i class=\"fas fa-user\"><\/i> Rosa Rubio S\u00e1nchez<\/li>\n<li><i class=\"fas fa-user\"><\/i> Be\u00f1at Alonso Cantero<\/li>\n<li><i class=\"fas fa-user\"><\/i> Antonia Galiot Chup<\/li>\n<li><i class=\"fas fa-user\"><\/i> Salvador Gonz\u00e1lez Santiago<\/li>\n<li><i class=\"fas fa-user\"><\/i> Asier Mu\u00f1oz Gonz\u00e1lez<\/li>\n<li><i class=\"fas fa-user\"><\/i> In\u00e9s Mar\u00eda Ben\u00edtez Lozano<\/li>\n<li><i class=\"fas fa-user\"><\/i> Imanol Mart\u00edn Prieto<\/li>\n<li><i class=\"fas fa-user\"><\/i> Irene Euba Arroyo<\/li>\n<li><i class=\"fas fa-user\"><\/i> Iker Cabrera Jare\u00f1o<\/li>\n<li><i class=\"fas fa-user\"><\/i> Pen\u00e9lope Etayo Sotos<\/li>\n<li><i class=\"fas fa-user\"><\/i> Asuncion Sanchez Valdivieso<\/li>\n<li><i class=\"fas fa-user\"><\/i> Unai Orbegozo Uribesalgo<\/li>\n<\/div>\n<\/div>\n<p><\/p>\n<p><\/p>\n\n<p><\/p>\n<\/div>\n<\/div>\n","protected":false},"excerpt":{"rendered":"<p>Euskadiko Koordinakundea Ezker Anitza-IUko asanbladen arteko zuzendaritzarako organo gorena da. Erakundearen gobernu- eta erabaki-organoa da. Erabateko ahalmena du antolaketaren, aurrekontuaren eta erabaki politikoaren arloan, bai eta auzitegietan eta administrazio publikoetan &hellip;<\/p>\n","protected":false},"author":1,"featured_media":0,"parent":1575,"menu_order":0,"comment_status":"closed","ping_status":"closed","template":"","meta":{"footnotes":""},"class_list":["post-1587","page","type-page","status-publish","hentry"],"_links":{"self":[{"href":"https:\/\/ezker-anitza.org\/eu\/wp-json\/wp\/v2\/pages\/1587","targetHints":{"allow":["GET"]}}],"collection":[{"href":"https:\/\/ezker-anitza.org\/eu\/wp-json\/wp\/v2\/pages"}],"about":[{"href":"https:\/\/ezker-anitza.org\/eu\/wp-json\/wp\/v2\/types\/page"}],"author":[{"embeddable":true,"href":"https:\/\/ezker-anitza.org\/eu\/wp-json\/wp\/v2\/users\/1"}],"replies":[{"embeddable":true,"href":"https:\/\/ezker-anitza.org\/eu\/wp-json\/wp\/v2\/comments?post=1587"}],"version-history":[{"count":14,"href":"https:\/\/ezker-anitza.org\/eu\/wp-json\/wp\/v2\/pages\/1587\/revisions"}],"predecessor-version":[{"id":4795,"href":"https:\/\/ezker-anitza.org\/eu\/wp-json\/wp\/v2\/pages\/1587\/revisions\/4795"}],"up":[{"embeddable":true,"href":"https:\/\/ezker-anitza.org\/eu\/wp-json\/wp\/v2\/pages\/1575"}],"wp:attachment":[{"href":"https:\/\/ezker-anitza.org\/eu\/wp-json\/wp\/v2\/media?parent=1587"}],"curies":[{"name":"wp","href":"https:\/\/api.w.org\/{rel}","templated":true}]}}