{"id":1585,"date":"2022-10-21T21:32:23","date_gmt":"2022-10-21T19:32:23","guid":{"rendered":"https:\/\/nueva.ezker-anitza.org\/zuzendaritza-organoak\/kide-anitzeko-batzordea"},"modified":"2026-01-13T16:49:17","modified_gmt":"2026-01-13T15:49:17","slug":"kide-anitzeko-batzordea","status":"publish","type":"page","link":"https:\/\/ezker-anitza.org\/eu\/nor-gara\/zuzendaritza-organoak\/kide-anitzeko-batzordea","title":{"rendered":"Batzorde Kolegiatua"},"content":{"rendered":"\n<p><strong>Batzorde Kolegiatua <\/strong> Ezker Anitza-IU <strong>kudeatzeko organoa<\/strong> da. Ezker Anitza-IUren Asanbladan eta Asanblada Politiko Sozialean hartutako erabakiak gauzatzea da haren eginkizun nagusia. Lan-proposamenak eta eztabaida politikoak lantzen ditu, halaber, erakundearen helburuak gauzatzeko eta erronka politiko eta sozial berriei aurre egiteko.<\/p>\n\n\n\n<p><a><\/a> <strong>koordinatzaile nagusia<\/strong> eta <strong>Ezker Anitza-IUko Asanbladak hautatutako batzordekideak<\/strong>, betiere <strong>parekotasun<\/strong>-irizpideei jarraikiz eta sentsibilitate politiko guztiak <strong>barne hartzen<\/strong> saiatuz, aberastasun ideologikoaren mesedetan.<\/p>\n\n\n\n<p><strong>Oraingo Batzorde Kolegiatuaren osaera:<\/strong><\/p>\n\n\n\n<ul class=\"wp-block-list\">\n<li>Koordinatzaile nagusia: <strong>Arantza Gonz\u00e1lez Garc\u00eda<\/strong>\n<ul class=\"wp-block-list\">\n<li>Antolakuntza eta Finantzetako Idazkaritza: <strong>Juan Luis Merino Sanabria<\/strong><\/li>\n\n\n\n<li>Instituzionaleko idazkaria: <strong>Xabier Pombo Gonz\u00e1lez<\/strong><\/li>\n\n\n\n<li>Komunikazioko idazkaria: <strong>Ester Garc\u00eda Palacio<\/strong><\/li>\n<\/ul>\n<\/li>\n<\/ul>\n\n\n\n<ul class=\"wp-block-list\">\n<li>Komunitatea: <strong>Andr\u00e9s D\u00edez Timofeva<\/strong><\/li>\n\n\n\n<li>Ekintza Politikoa eta Programa: <strong>Jon Hern\u00e1ndez Hidalgo<\/strong><\/li>\n\n\n\n<li>Feminismoa: <strong>Ana Saiz Quintano<\/strong><\/li>\n\n\n\n<li>Borroka Kulturala: <strong>Hugo Mart\u00edn Santos<\/strong><\/li>\n\n\n\n<li><strong>Andr\u00e9s D\u00edez Tomofeva<\/strong><\/li>\n\n\n\n<li>Arabako koordinatzailea: <strong>Jos\u00e9 Dami\u00e1n Garc\u00eda-Moreno L\u00f3pez<\/strong><\/li>\n\n\n\n<li>Bizkaiko Antolaketaren arduraduna: <strong>Julen Dom\u00ednguez S\u00e1nchez<\/strong><\/li>\n<\/ul>\n\n\n\n<figure class=\"wp-block-image size-large\"><img loading=\"lazy\" decoding=\"async\" width=\"1024\" height=\"650\" src=\"https:\/\/ezker-anitza.org\/wp-content\/uploads\/2025\/11\/rercortada-1-1-1024x650.jpg\" alt=\"\" class=\"wp-image-4476\" srcset=\"https:\/\/ezker-anitza.org\/wp-content\/uploads\/2025\/11\/rercortada-1-1-1024x650.jpg 1024w, https:\/\/ezker-anitza.org\/wp-content\/uploads\/2025\/11\/rercortada-1-1-300x190.jpg 300w, https:\/\/ezker-anitza.org\/wp-content\/uploads\/2025\/11\/rercortada-1-1-768x487.jpg 768w, https:\/\/ezker-anitza.org\/wp-content\/uploads\/2025\/11\/rercortada-1-1.jpg 1280w\" sizes=\"auto, (max-width: 1024px) 100vw, 1024px\" \/><\/figure>\n","protected":false},"excerpt":{"rendered":"<p>Batzorde Kolegiatua Ezker Anitza-IU kudeatzeko organoa da. Ezker Anitza-IUren Asanbladan eta Asanblada Politiko Sozialean hartutako erabakiak gauzatzea da haren eginkizun nagusia. Lan-proposamenak eta eztabaida politikoak lantzen ditu, halaber, erakundearen helburuak &hellip;<\/p>\n","protected":false},"author":1,"featured_media":0,"parent":1575,"menu_order":0,"comment_status":"closed","ping_status":"closed","template":"","meta":{"footnotes":""},"class_list":["post-1585","page","type-page","status-publish","hentry"],"_links":{"self":[{"href":"https:\/\/ezker-anitza.org\/eu\/wp-json\/wp\/v2\/pages\/1585","targetHints":{"allow":["GET"]}}],"collection":[{"href":"https:\/\/ezker-anitza.org\/eu\/wp-json\/wp\/v2\/pages"}],"about":[{"href":"https:\/\/ezker-anitza.org\/eu\/wp-json\/wp\/v2\/types\/page"}],"author":[{"embeddable":true,"href":"https:\/\/ezker-anitza.org\/eu\/wp-json\/wp\/v2\/users\/1"}],"replies":[{"embeddable":true,"href":"https:\/\/ezker-anitza.org\/eu\/wp-json\/wp\/v2\/comments?post=1585"}],"version-history":[{"count":7,"href":"https:\/\/ezker-anitza.org\/eu\/wp-json\/wp\/v2\/pages\/1585\/revisions"}],"predecessor-version":[{"id":4559,"href":"https:\/\/ezker-anitza.org\/eu\/wp-json\/wp\/v2\/pages\/1585\/revisions\/4559"}],"up":[{"embeddable":true,"href":"https:\/\/ezker-anitza.org\/eu\/wp-json\/wp\/v2\/pages\/1575"}],"wp:attachment":[{"href":"https:\/\/ezker-anitza.org\/eu\/wp-json\/wp\/v2\/media?parent=1585"}],"curies":[{"name":"wp","href":"https:\/\/api.w.org\/{rel}","templated":true}]}}